{"id":1039,"date":"2021-07-31T02:47:42","date_gmt":"2021-07-31T07:47:42","guid":{"rendered":"https:\/\/viajes.webssiteperu.com\/?page_id=1039"},"modified":"2021-07-31T02:48:19","modified_gmt":"2021-07-31T07:48:19","slug":"formas-de-pago","status":"publish","type":"page","link":"https:\/\/verora-traveltours.pe\/pb\/formas-de-pago\/","title":{"rendered":"(Espa\u00f1ol) Formas de Pago"},"content":{"rendered":"<p class=\"qtranxs-available-languages-message qtranxs-available-languages-message-pb\">Desculpe-nos, mas este texto est\u00e1 apenas dispon\u00edvel em <a href=\"https:\/\/verora-traveltours.pe\/es\/wp-json\/wp\/v2\/pages\/1039\" class=\"qtranxs-available-language-link qtranxs-available-language-link-es\" title=\"Espa\u00f1ol\">Espanhol Europeu<\/a>.<\/p>","protected":false},"excerpt":{"rendered":"<p>Desculpe-nos, mas este texto est\u00e1 apenas dispon\u00edvel em Espanhol Europeu.<\/p>\n","protected":false},"author":1,"featured_media":0,"parent":0,"menu_order":0,"comment_status":"closed","ping_status":"closed","template":"","meta":[],"yoast_head":"<!-- This site is optimized with the Yoast SEO plugin v16.8 - https:\/\/yoast.com\/wordpress\/plugins\/seo\/ -->\n<title>(Espa\u00f1ol) Formas de Pago - Verora Travel Tours<\/title>\n<meta name=\"robots\" content=\"index, follow, max-snippet:-1, max-image-preview:large, max-video-preview:-1\" \/>\n<link rel=\"canonical\" href=\"https:\/\/verora-traveltours.pe\/formas-de-pago\/\" \/>\n<meta property=\"og:locale\" content=\"pt_PT\" \/>\n<meta property=\"og:type\" content=\"article\" \/>\n<meta property=\"og:title\" content=\"(Espa\u00f1ol) Formas de Pago - Verora Travel Tours\" \/>\n<meta property=\"og:description\" content=\"Desculpe-nos, mas este texto est\u00e1 apenas dispon\u00edvel em Espanhol Europeu.\" \/>\n<meta property=\"og:url\" content=\"https:\/\/verora-traveltours.pe\/formas-de-pago\/\" \/>\n<meta property=\"og:site_name\" content=\"Verora Travel Tours\" \/>\n<meta property=\"article:modified_time\" content=\"2021-07-31T07:48:19+00:00\" \/>\n<meta property=\"og:image\" content=\"https:\/\/verora-traveltours.pe\/wp-content\/uploads\/2021\/07\/mercado-pago-peru.jpg\" \/>\n<meta name=\"twitter:card\" content=\"summary_large_image\" \/>\n<meta name=\"twitter:label1\" content=\"Tempo estimado de leitura\" \/>\n\t<meta name=\"twitter:data1\" content=\"1 minuto\" \/>\n<script type=\"application\/ld+json\" class=\"yoast-schema-graph\">{\"@context\":\"https:\/\/schema.org\",\"@graph\":[{\"@type\":\"WebSite\",\"@id\":\"https:\/\/verora-traveltours.pe\/#website\",\"url\":\"https:\/\/verora-traveltours.pe\/\",\"name\":\"Verora Travel Tours\",\"description\":\"Agencia de Viajes\",\"potentialAction\":[{\"@type\":\"SearchAction\",\"target\":{\"@type\":\"EntryPoint\",\"urlTemplate\":\"https:\/\/verora-traveltours.pe\/?s={search_term_string}\"},\"query-input\":\"required name=search_term_string\"}],\"inLanguage\":\"pt-PT\"},{\"@type\":\"ImageObject\",\"@id\":\"https:\/\/verora-traveltours.pe\/formas-de-pago\/#primaryimage\",\"inLanguage\":\"pt-PT\",\"url\":\"https:\/\/verora-traveltours.pe\/wp-content\/uploads\/2021\/07\/mercado-pago-peru.jpg\",\"contentUrl\":\"https:\/\/verora-traveltours.pe\/wp-content\/uploads\/2021\/07\/mercado-pago-peru.jpg\",\"width\":512,\"height\":250},{\"@type\":\"WebPage\",\"@id\":\"https:\/\/verora-traveltours.pe\/formas-de-pago\/#webpage\",\"url\":\"https:\/\/verora-traveltours.pe\/formas-de-pago\/\",\"name\":\"(Espa\\u00f1ol) Formas de Pago - Verora Travel Tours\",\"isPartOf\":{\"@id\":\"https:\/\/verora-traveltours.pe\/#website\"},\"primaryImageOfPage\":{\"@id\":\"https:\/\/verora-traveltours.pe\/formas-de-pago\/#primaryimage\"},\"datePublished\":\"2021-07-31T07:47:42+00:00\",\"dateModified\":\"2021-07-31T07:48:19+00:00\",\"breadcrumb\":{\"@id\":\"https:\/\/verora-traveltours.pe\/formas-de-pago\/#breadcrumb\"},\"inLanguage\":\"pt-PT\",\"potentialAction\":[{\"@type\":\"ReadAction\",\"target\":[\"https:\/\/verora-traveltours.pe\/formas-de-pago\/\"]}]},{\"@type\":\"BreadcrumbList\",\"@id\":\"https:\/\/verora-traveltours.pe\/formas-de-pago\/#breadcrumb\",\"itemListElement\":[{\"@type\":\"ListItem\",\"position\":1,\"name\":\"Portada\",\"item\":\"https:\/\/verora-traveltours.pe\/\"},{\"@type\":\"ListItem\",\"position\":2,\"name\":\"Formas de Pago\"}]}]}<\/script>\n<!-- \/ Yoast SEO plugin. -->","yoast_head_json":{"title":"(Espa\u00f1ol) Formas de Pago - Verora Travel Tours","robots":{"index":"index","follow":"follow","max-snippet":"max-snippet:-1","max-image-preview":"max-image-preview:large","max-video-preview":"max-video-preview:-1"},"canonical":"https:\/\/verora-traveltours.pe\/formas-de-pago\/","og_locale":"pt_PT","og_type":"article","og_title":"(Espa\u00f1ol) Formas de Pago - Verora Travel Tours","og_description":"Desculpe-nos, mas este texto est\u00e1 apenas dispon\u00edvel em Espanhol Europeu.","og_url":"https:\/\/verora-traveltours.pe\/formas-de-pago\/","og_site_name":"Verora Travel Tours","article_modified_time":"2021-07-31T07:48:19+00:00","og_image":[{"url":"https:\/\/verora-traveltours.pe\/wp-content\/uploads\/2021\/07\/mercado-pago-peru.jpg"}],"twitter_card":"summary_large_image","twitter_misc":{"Tempo estimado de leitura":"1 minuto"},"schema":{"@context":"https:\/\/schema.org","@graph":[{"@type":"WebSite","@id":"https:\/\/verora-traveltours.pe\/#website","url":"https:\/\/verora-traveltours.pe\/","name":"Verora Travel Tours","description":"Agencia de Viajes","potentialAction":[{"@type":"SearchAction","target":{"@type":"EntryPoint","urlTemplate":"https:\/\/verora-traveltours.pe\/?s={search_term_string}"},"query-input":"required name=search_term_string"}],"inLanguage":"pt-PT"},{"@type":"ImageObject","@id":"https:\/\/verora-traveltours.pe\/formas-de-pago\/#primaryimage","inLanguage":"pt-PT","url":"https:\/\/verora-traveltours.pe\/wp-content\/uploads\/2021\/07\/mercado-pago-peru.jpg","contentUrl":"https:\/\/verora-traveltours.pe\/wp-content\/uploads\/2021\/07\/mercado-pago-peru.jpg","width":512,"height":250},{"@type":"WebPage","@id":"https:\/\/verora-traveltours.pe\/formas-de-pago\/#webpage","url":"https:\/\/verora-traveltours.pe\/formas-de-pago\/","name":"(Espa\u00f1ol) Formas de Pago - Verora Travel Tours","isPartOf":{"@id":"https:\/\/verora-traveltours.pe\/#website"},"primaryImageOfPage":{"@id":"https:\/\/verora-traveltours.pe\/formas-de-pago\/#primaryimage"},"datePublished":"2021-07-31T07:47:42+00:00","dateModified":"2021-07-31T07:48:19+00:00","breadcrumb":{"@id":"https:\/\/verora-traveltours.pe\/formas-de-pago\/#breadcrumb"},"inLanguage":"pt-PT","potentialAction":[{"@type":"ReadAction","target":["https:\/\/verora-traveltours.pe\/formas-de-pago\/"]}]},{"@type":"BreadcrumbList","@id":"https:\/\/verora-traveltours.pe\/formas-de-pago\/#breadcrumb","itemListElement":[{"@type":"ListItem","position":1,"name":"Portada","item":"https:\/\/verora-traveltours.pe\/"},{"@type":"ListItem","position":2,"name":"Formas de Pago"}]}]}},"_links":{"self":[{"href":"https:\/\/verora-traveltours.pe\/pb\/wp-json\/wp\/v2\/pages\/1039"}],"collection":[{"href":"https:\/\/verora-traveltours.pe\/pb\/wp-json\/wp\/v2\/pages"}],"about":[{"href":"https:\/\/verora-traveltours.pe\/pb\/wp-json\/wp\/v2\/types\/page"}],"author":[{"embeddable":true,"href":"https:\/\/verora-traveltours.pe\/pb\/wp-json\/wp\/v2\/users\/1"}],"replies":[{"embeddable":true,"href":"https:\/\/verora-traveltours.pe\/pb\/wp-json\/wp\/v2\/comments?post=1039"}],"version-history":[{"count":0,"href":"https:\/\/verora-traveltours.pe\/pb\/wp-json\/wp\/v2\/pages\/1039\/revisions"}],"wp:attachment":[{"href":"https:\/\/verora-traveltours.pe\/pb\/wp-json\/wp\/v2\/media?parent=1039"}],"curies":[{"name":"wp","href":"https:\/\/api.w.org\/{rel}","templated":true}]}}